{"id":29397,"date":"2019-10-22T15:00:35","date_gmt":"2019-10-22T15:00:35","guid":{"rendered":"https:\/\/mariojodra.com\/es\/?page_id=29397"},"modified":"2023-11-11T11:33:13","modified_gmt":"2023-11-11T11:33:13","slug":"contacto","status":"publish","type":"page","link":"https:\/\/mariojodra.com\/es\/contacto\/","title":{"rendered":"Contacto"},"content":{"rendered":"\t\t<div data-elementor-type=\"wp-page\" data-elementor-id=\"29397\" class=\"elementor elementor-29397\">\n\t\t\t\t\t\t\t\t\t<section class=\"elementor-section elementor-top-section elementor-element elementor-element-0326a66 elementor-section-boxed elementor-section-height-default elementor-section-height-default neuron-fixed-no\" data-id=\"0326a66\" data-element_type=\"section\">\n\t\t\t\t\t\t<div class=\"elementor-container elementor-column-gap-default\">\n\t\t\t\t\t<div class=\"elementor-column elementor-col-100 elementor-top-column elementor-element elementor-element-2ad32b5\" data-id=\"2ad32b5\" data-element_type=\"column\">\n\t\t\t<div class=\"elementor-widget-wrap elementor-element-populated\">\n\t\t\t\t\t\t\t\t<div class=\"elementor-element elementor-element-5e7e78d elementor-widget elementor-widget-text-editor\" data-id=\"5e7e78d\" data-element_type=\"widget\" data-widget_type=\"text-editor.default\">\n\t\t\t\t<div class=\"elementor-widget-container\">\n\t\t\t\t\t\t\t<h4><span style=\"color: #333333;\"><strong>\u00a1Charlemos!<\/strong><\/span><\/h4><p><span style=\"color: #000000;\">P\u00f3ngase en contacto por correo electr\u00f3nico o chateando por Whatsapp o Telegram.<\/span><\/p><p><span style=\"color: #000000;\">Informaci\u00f3n y peticiones de presupuesto sin compromiso para ilustraciones, exposiciones, propuestas de publicaci\u00f3n de libros, ferias de Arte y edici\u00f3n, trabajos freelance y encargos en general son bienvenidos. \u00a1Contrate a un ilustrador profesional!.<\/span><\/p><p><span style=\"color: #000000;\">(+34) 664 016 383<\/span><br \/><span style=\"text-decoration: underline; color: #0000ff;\"><a class=\"mail-link\" style=\"color: #0000ff; text-decoration: underline;\" href=\"mailto:jodra.mario@gmail.com\">jodra.mario@gmail.com<\/a><\/span><br \/><span style=\"color: #000000;\">@mariojotaese (Telegram)<\/span><br \/><span style=\"color: #000000;\">Madrid (Espa\u00f1a).<\/span><\/p>\t\t\t\t\t\t<\/div>\n\t\t\t\t<\/div>\n\t\t\t\t\t<\/div>\n\t\t<\/div>\n\t\t\t\t\t\t\t<\/div>\n\t\t<\/section>\n\t\t\t\t<section class=\"elementor-section elementor-top-section elementor-element elementor-element-c6d0b31 elementor-section-boxed elementor-section-height-default elementor-section-height-default neuron-fixed-no\" data-id=\"c6d0b31\" data-element_type=\"section\">\n\t\t\t\t\t\t<div class=\"elementor-container elementor-column-gap-default\">\n\t\t\t\t\t<div class=\"elementor-column elementor-col-100 elementor-top-column elementor-element elementor-element-e6e5712\" data-id=\"e6e5712\" data-element_type=\"column\">\n\t\t\t<div class=\"elementor-widget-wrap elementor-element-populated\">\n\t\t\t\t\t\t\t\t<div class=\"elementor-element elementor-element-6094348 elementor-widget elementor-widget-text-editor\" data-id=\"6094348\" data-element_type=\"widget\" data-widget_type=\"text-editor.default\">\n\t\t\t\t<div class=\"elementor-widget-container\">\n\t\t\t\t\t\t\t<h4><span style=\"color: #333333;\"><strong>Servicios Profesionales Disponibles<\/strong><\/span><\/h4><p><span style=\"color: #000000;\">Arte original, t\u00e9cnicas tradicionales como l\u00e1piz y carboncillo, acuarela, acr\u00edlico, etc, ilustraciones digitales, estilo figurativo y realista.<\/span><\/p><p><span style=\"color: #000000;\">Portada de libros, \u00e1lbumes y libros ilustrados, experto en retratos, bocetos y trabajos como sketch artist, concept artist, ilustraci\u00f3n t\u00e9cnica, dise\u00f1o de carteles.<\/span><\/p><p><span style=\"color: #000000;\">Servicios adicionales: Retoque y edici\u00f3n fotogr\u00e1fica, Dise\u00f1o gr\u00e1fico, maquetaci\u00f3n.<\/span><\/p>\t\t\t\t\t\t<\/div>\n\t\t\t\t<\/div>\n\t\t\t\t\t<\/div>\n\t\t<\/div>\n\t\t\t\t\t\t\t<\/div>\n\t\t<\/section>\n\t\t\t\t<section class=\"elementor-section elementor-top-section elementor-element elementor-element-0f2a42b elementor-section-boxed elementor-section-height-default elementor-section-height-default neuron-fixed-no\" data-id=\"0f2a42b\" data-element_type=\"section\">\n\t\t\t\t\t\t<div class=\"elementor-container elementor-column-gap-default\">\n\t\t\t\t\t<div class=\"elementor-column elementor-col-100 elementor-top-column elementor-element elementor-element-907ef1e\" data-id=\"907ef1e\" data-element_type=\"column\">\n\t\t\t<div class=\"elementor-widget-wrap elementor-element-populated\">\n\t\t\t\t\t\t\t\t<div class=\"elementor-element elementor-element-457cc64 elementor-widget elementor-widget-text-editor\" data-id=\"457cc64\" data-element_type=\"widget\" data-widget_type=\"text-editor.default\">\n\t\t\t\t<div class=\"elementor-widget-container\">\n\t\t\t\t\t\t\t<h4><span style=\"color: #333333;\"><strong>Enlaces + Redes Sociales<\/strong><\/span><\/h4><p><span style=\"color: #000000;\"><a style=\"color: #000000;\" href=\"https:\/\/linktr.ee\/mariojodra\">Linktr.ee<\/a><\/span><br \/><span style=\"color: #000000;\"><a style=\"color: #000000;\" href=\"https:\/\/www.instagram.com\/mariojodra.es\/\">Instagram<\/a><\/span><br \/><span style=\"color: #000000;\"><a style=\"color: #000000;\" href=\"https:\/\/www.facebook.com\/jodramario\">Facebook<\/a><\/span><br \/><span style=\"color: #000000;\"><a style=\"color: #000000;\" href=\"https:\/\/twitter.com\/mariojodra_es\">Twitter<\/a><\/span><br \/><span style=\"color: #000000;\"><a style=\"color: #000000;\" href=\"https:\/\/www.behance.net\/mariojodra\">Behance<\/a><\/span><br \/><span style=\"color: #000000;\"><a style=\"color: #000000;\" href=\"https:\/\/www.youtube.com\/channel\/UCbQUGkYvSzGK0K2mJrkAZqQ\">Youtube<\/a><\/span><\/p>\t\t\t\t\t\t<\/div>\n\t\t\t\t<\/div>\n\t\t\t\t\t<\/div>\n\t\t<\/div>\n\t\t\t\t\t\t\t<\/div>\n\t\t<\/section>\n\t\t\t\t<section class=\"elementor-section elementor-top-section elementor-element elementor-element-3d99a94 elementor-section-boxed elementor-section-height-default elementor-section-height-default neuron-fixed-no\" data-id=\"3d99a94\" data-element_type=\"section\">\n\t\t\t\t\t\t<div class=\"elementor-container elementor-column-gap-default\">\n\t\t\t\t\t<div class=\"elementor-column elementor-col-100 elementor-top-column elementor-element elementor-element-fa91a6d\" data-id=\"fa91a6d\" data-element_type=\"column\">\n\t\t\t<div class=\"elementor-widget-wrap elementor-element-populated\">\n\t\t\t\t\t\t\t\t<div class=\"elementor-element elementor-element-1ed9920 elementor-widget elementor-widget-text-editor\" data-id=\"1ed9920\" data-element_type=\"widget\" data-widget_type=\"text-editor.default\">\n\t\t\t\t<div class=\"elementor-widget-container\">\n\t\t\t\t\t\t\t<h4><span style=\"color: #333333;\"><strong>Tienda Online<\/strong><\/span><\/h4><p><span style=\"color: #000000;\"><a style=\"color: #000000;\" href=\"https:\/\/elsordo.net\/\">elsordo.net<\/a><\/span><\/p>\t\t\t\t\t\t<\/div>\n\t\t\t\t<\/div>\n\t\t\t\t\t<\/div>\n\t\t<\/div>\n\t\t\t\t\t\t\t<\/div>\n\t\t<\/section>\n\t\t\t\t<section class=\"elementor-section elementor-top-section elementor-element elementor-element-38acef8 elementor-section-boxed elementor-section-height-default elementor-section-height-default neuron-fixed-no\" data-id=\"38acef8\" data-element_type=\"section\">\n\t\t\t\t\t\t<div class=\"elementor-container elementor-column-gap-default\">\n\t\t\t\t\t<div class=\"elementor-column elementor-col-100 elementor-top-column elementor-element elementor-element-e6a0294\" data-id=\"e6a0294\" data-element_type=\"column\">\n\t\t\t<div class=\"elementor-widget-wrap elementor-element-populated\">\n\t\t\t\t\t\t\t\t<div class=\"elementor-element elementor-element-56c24b1 elementor-widget elementor-widget-text-editor\" data-id=\"56c24b1\" data-element_type=\"widget\" data-widget_type=\"text-editor.default\">\n\t\t\t\t<div class=\"elementor-widget-container\">\n\t\t\t\t\t\t\t<h4><span style=\"color: #333333;\"><strong>M\u00e1s informaci\u00f3n\u00a0<\/strong><\/span><\/h4><p><a href=\"https:\/\/mariojodra.com\/es\/sobre-mi\"><span style=\"color: #000000;\">SOBRE M\u00cd<\/span><\/a><\/p>\t\t\t\t\t\t<\/div>\n\t\t\t\t<\/div>\n\t\t\t\t\t<\/div>\n\t\t<\/div>\n\t\t\t\t\t\t\t<\/div>\n\t\t<\/section>\n\t\t\t\t<section class=\"elementor-section elementor-top-section elementor-element elementor-element-0b0d787 elementor-section-boxed elementor-section-height-default elementor-section-height-default neuron-fixed-no\" data-id=\"0b0d787\" data-element_type=\"section\">\n\t\t\t\t\t\t<div class=\"elementor-container elementor-column-gap-default\">\n\t\t\t\t\t<div class=\"elementor-column elementor-col-100 elementor-top-column elementor-element elementor-element-04bca8b\" data-id=\"04bca8b\" data-element_type=\"column\">\n\t\t\t<div class=\"elementor-widget-wrap elementor-element-populated\">\n\t\t\t\t\t\t\t\t<div class=\"elementor-element elementor-element-b94e51a elementor-widget elementor-widget-spacer\" data-id=\"b94e51a\" data-element_type=\"widget\" data-widget_type=\"spacer.default\">\n\t\t\t\t<div class=\"elementor-widget-container\">\n\t\t\t\t\t<div class=\"elementor-spacer\">\n\t\t\t<div class=\"elementor-spacer-inner\"><\/div>\n\t\t<\/div>\n\t\t\t\t<\/div>\n\t\t\t\t<\/div>\n\t\t\t\t\t<\/div>\n\t\t<\/div>\n\t\t\t\t\t\t\t<\/div>\n\t\t<\/section>\n\t\t\t\t<section class=\"elementor-section elementor-top-section elementor-element elementor-element-a62257e elementor-section-boxed elementor-section-height-default elementor-section-height-default neuron-fixed-no\" data-id=\"a62257e\" data-element_type=\"section\">\n\t\t\t\t\t\t<div class=\"elementor-container elementor-column-gap-default\">\n\t\t\t\t\t<div class=\"elementor-column elementor-col-100 elementor-top-column elementor-element elementor-element-111a4e3\" data-id=\"111a4e3\" data-element_type=\"column\">\n\t\t\t<div class=\"elementor-widget-wrap elementor-element-populated\">\n\t\t\t\t\t\t\t\t<div class=\"elementor-element elementor-element-2c98353 elementor-widget elementor-widget-google_maps\" data-id=\"2c98353\" data-element_type=\"widget\" data-widget_type=\"google_maps.default\">\n\t\t\t\t<div class=\"elementor-widget-container\">\n\t\t\t\t\t<div class=\"elementor-custom-embed\">\n\t\t\t<iframe loading=\"lazy\"\n\t\t\t\t\tsrc=\"https:\/\/maps.google.com\/maps?q=Manuel%20Becerra%2C%20Madrid&#038;t=m&#038;z=12&#038;output=embed&#038;iwloc=near\"\n\t\t\t\t\ttitle=\"Manuel Becerra, Madrid\"\n\t\t\t\t\taria-label=\"Manuel Becerra, Madrid\"\n\t\t\t><\/iframe>\n\t\t<\/div>\n\t\t\t\t<\/div>\n\t\t\t\t<\/div>\n\t\t\t\t\t<\/div>\n\t\t<\/div>\n\t\t\t\t\t\t\t<\/div>\n\t\t<\/section>\n\t\t\t\t<section class=\"elementor-section elementor-top-section elementor-element elementor-element-83030b3 elementor-section-boxed elementor-section-height-default elementor-section-height-default neuron-fixed-no\" data-id=\"83030b3\" data-element_type=\"section\">\n\t\t\t\t\t\t<div class=\"elementor-container elementor-column-gap-default\">\n\t\t\t\t\t<div class=\"elementor-column elementor-col-100 elementor-top-column elementor-element elementor-element-0b4aeca\" data-id=\"0b4aeca\" data-element_type=\"column\">\n\t\t\t<div class=\"elementor-widget-wrap elementor-element-populated\">\n\t\t\t\t\t\t\t\t<div class=\"elementor-element elementor-element-c1688dd elementor-widget elementor-widget-spacer\" data-id=\"c1688dd\" data-element_type=\"widget\" data-widget_type=\"spacer.default\">\n\t\t\t\t<div class=\"elementor-widget-container\">\n\t\t\t\t\t<div class=\"elementor-spacer\">\n\t\t\t<div class=\"elementor-spacer-inner\"><\/div>\n\t\t<\/div>\n\t\t\t\t<\/div>\n\t\t\t\t<\/div>\n\t\t\t\t\t<\/div>\n\t\t<\/div>\n\t\t\t\t\t\t\t<\/div>\n\t\t<\/section>\n\t\t\t\t\t\t\t<\/div>\n\t\t","protected":false},"excerpt":{"rendered":"<p>\u00a1Charlemos! P\u00f3ngase en contacto por correo electr\u00f3nico o chateando por Whatsapp o Telegram. Informaci\u00f3n y peticiones de presupuesto&#8230;<\/p>\n","protected":false},"author":1,"featured_media":0,"parent":0,"menu_order":0,"comment_status":"closed","ping_status":"closed","template":"","meta":{"om_disable_all_campaigns":false,"_mi_skip_tracking":false,"_monsterinsights_sitenote_active":false,"_monsterinsights_sitenote_note":"","_monsterinsights_sitenote_category":0,"_uf_show_specific_survey":0,"_uf_disable_surveys":false,"footnotes":""},"acf":[],"yoast_head":"<!-- This site is optimized with the Yoast SEO plugin v21.5 - https:\/\/yoast.com\/wordpress\/plugins\/seo\/ -->\n<title>Contacto | Portfolio de ilustraci\u00f3n | Mario Jodra<\/title>\n<meta name=\"description\" content=\"Informaci\u00f3n y presupuestos sin compromiso para encargos freelance de Ilustraciones profesionales, exposiciones, propuestas para ferias de Arte y Edici\u00f3n\" \/>\n<meta name=\"robots\" content=\"index, follow, max-snippet:-1, max-image-preview:large, max-video-preview:-1\" \/>\n<link rel=\"canonical\" href=\"https:\/\/mariojodra.com\/es\/contacto\/\" \/>\n<meta property=\"og:locale\" content=\"es_ES\" \/>\n<meta property=\"og:type\" content=\"article\" \/>\n<meta property=\"og:title\" content=\"Contacto | Portfolio de ilustraci\u00f3n | Mario Jodra\" \/>\n<meta property=\"og:description\" content=\"Let&#039;s Talk! Information and free, no-obligation estimates for Illustrations. Freelance works. Commissions. Hire a Professional.\" \/>\n<meta property=\"og:url\" content=\"https:\/\/mariojodra.com\/es\/contacto\/\" \/>\n<meta property=\"og:site_name\" content=\"Portfolio de ilustraci\u00f3n | Mario Jodra\" \/>\n<meta property=\"article:publisher\" content=\"http:\/\/www.facebook.com\/jodramario\" \/>\n<meta property=\"article:modified_time\" content=\"2023-11-11T11:33:13+00:00\" \/>\n<meta property=\"og:image\" content=\"https:\/\/mariojodra.com\/es\/wp-content\/uploads\/2023\/11\/captura-web-mariojodra.com-02.jpg\" \/>\n\t<meta property=\"og:image:width\" content=\"1200\" \/>\n\t<meta property=\"og:image:height\" content=\"675\" \/>\n\t<meta property=\"og:image:type\" content=\"image\/jpeg\" \/>\n<meta name=\"twitter:card\" content=\"summary_large_image\" \/>\n<meta name=\"twitter:description\" content=\"Let&#039;s Talk! Information and free, no-obligation estimates for Illustrations. Freelance works. Commissions. Hire a Professional.\" \/>\n<meta name=\"twitter:site\" content=\"@mariojodra_es\" \/>\n<meta name=\"twitter:label1\" content=\"Tiempo de lectura\" \/>\n\t<meta name=\"twitter:data1\" content=\"1 minuto\" \/>\n<script type=\"application\/ld+json\" class=\"yoast-schema-graph\">{\"@context\":\"https:\/\/schema.org\",\"@graph\":[{\"@type\":\"WebPage\",\"@id\":\"https:\/\/mariojodra.com\/es\/contacto\/\",\"url\":\"https:\/\/mariojodra.com\/es\/contacto\/\",\"name\":\"Contacto | Portfolio de ilustraci\u00f3n | Mario Jodra\",\"isPartOf\":{\"@id\":\"https:\/\/mariojodra.com\/es\/#website\"},\"datePublished\":\"2019-10-22T15:00:35+00:00\",\"dateModified\":\"2023-11-11T11:33:13+00:00\",\"description\":\"Informaci\u00f3n y presupuestos sin compromiso para encargos freelance de Ilustraciones profesionales, exposiciones, propuestas para ferias de Arte y Edici\u00f3n\",\"breadcrumb\":{\"@id\":\"https:\/\/mariojodra.com\/es\/contacto\/#breadcrumb\"},\"inLanguage\":\"es\",\"potentialAction\":[{\"@type\":\"ReadAction\",\"target\":[\"https:\/\/mariojodra.com\/es\/contacto\/\"]}]},{\"@type\":\"BreadcrumbList\",\"@id\":\"https:\/\/mariojodra.com\/es\/contacto\/#breadcrumb\",\"itemListElement\":[{\"@type\":\"ListItem\",\"position\":1,\"name\":\"Home\",\"item\":\"https:\/\/mariojodra.com\/es\/\"},{\"@type\":\"ListItem\",\"position\":2,\"name\":\"Contacto\"}]},{\"@type\":\"WebSite\",\"@id\":\"https:\/\/mariojodra.com\/es\/#website\",\"url\":\"https:\/\/mariojodra.com\/es\/\",\"name\":\"Portfolio de ilustraci\u00f3n | Mario Jodra\",\"description\":\"Portfolio del ilustrador freelance Mario Jodra. T\u00e9cnicas de ilustraci\u00f3n tradicional a mano y artes digitales para editoriales y prensa. Dibujo y Pintura\",\"publisher\":{\"@id\":\"https:\/\/mariojodra.com\/es\/#organization\"},\"potentialAction\":[{\"@type\":\"SearchAction\",\"target\":{\"@type\":\"EntryPoint\",\"urlTemplate\":\"https:\/\/mariojodra.com\/es\/?s={search_term_string}\"},\"query-input\":\"required name=search_term_string\"}],\"inLanguage\":\"es\"},{\"@type\":\"Organization\",\"@id\":\"https:\/\/mariojodra.com\/es\/#organization\",\"name\":\"Portfolio de ilustraci\u00f3n | Mario Jodra\",\"url\":\"https:\/\/mariojodra.com\/es\/\",\"logo\":{\"@type\":\"ImageObject\",\"inLanguage\":\"es\",\"@id\":\"https:\/\/mariojodra.com\/es\/#\/schema\/logo\/image\/\",\"url\":\"https:\/\/mariojodra.com\/es\/wp-content\/uploads\/2023\/11\/logo-vertical.png\",\"contentUrl\":\"https:\/\/mariojodra.com\/es\/wp-content\/uploads\/2023\/11\/logo-vertical.png\",\"width\":263,\"height\":100,\"caption\":\"Portfolio de ilustraci\u00f3n | Mario Jodra\"},\"image\":{\"@id\":\"https:\/\/mariojodra.com\/es\/#\/schema\/logo\/image\/\"},\"sameAs\":[\"http:\/\/www.facebook.com\/jodramario\",\"https:\/\/twitter.com\/mariojodra_es\"]}]}<\/script>\n<!-- \/ Yoast SEO plugin. -->","yoast_head_json":{"title":"Contacto | Portfolio de ilustraci\u00f3n | Mario Jodra","description":"Informaci\u00f3n y presupuestos sin compromiso para encargos freelance de Ilustraciones profesionales, exposiciones, propuestas para ferias de Arte y Edici\u00f3n","robots":{"index":"index","follow":"follow","max-snippet":"max-snippet:-1","max-image-preview":"max-image-preview:large","max-video-preview":"max-video-preview:-1"},"canonical":"https:\/\/mariojodra.com\/es\/contacto\/","og_locale":"es_ES","og_type":"article","og_title":"Contacto | Portfolio de ilustraci\u00f3n | Mario Jodra","og_description":"Let's Talk! Information and free, no-obligation estimates for Illustrations. Freelance works. Commissions. Hire a Professional.","og_url":"https:\/\/mariojodra.com\/es\/contacto\/","og_site_name":"Portfolio de ilustraci\u00f3n | Mario Jodra","article_publisher":"http:\/\/www.facebook.com\/jodramario","article_modified_time":"2023-11-11T11:33:13+00:00","og_image":[{"width":1200,"height":675,"url":"https:\/\/mariojodra.com\/es\/wp-content\/uploads\/2023\/11\/captura-web-mariojodra.com-02.jpg","type":"image\/jpeg"}],"twitter_card":"summary_large_image","twitter_description":"Let's Talk! Information and free, no-obligation estimates for Illustrations. Freelance works. Commissions. Hire a Professional.","twitter_site":"@mariojodra_es","twitter_misc":{"Tiempo de lectura":"1 minuto"},"schema":{"@context":"https:\/\/schema.org","@graph":[{"@type":"WebPage","@id":"https:\/\/mariojodra.com\/es\/contacto\/","url":"https:\/\/mariojodra.com\/es\/contacto\/","name":"Contacto | Portfolio de ilustraci\u00f3n | Mario Jodra","isPartOf":{"@id":"https:\/\/mariojodra.com\/es\/#website"},"datePublished":"2019-10-22T15:00:35+00:00","dateModified":"2023-11-11T11:33:13+00:00","description":"Informaci\u00f3n y presupuestos sin compromiso para encargos freelance de Ilustraciones profesionales, exposiciones, propuestas para ferias de Arte y Edici\u00f3n","breadcrumb":{"@id":"https:\/\/mariojodra.com\/es\/contacto\/#breadcrumb"},"inLanguage":"es","potentialAction":[{"@type":"ReadAction","target":["https:\/\/mariojodra.com\/es\/contacto\/"]}]},{"@type":"BreadcrumbList","@id":"https:\/\/mariojodra.com\/es\/contacto\/#breadcrumb","itemListElement":[{"@type":"ListItem","position":1,"name":"Home","item":"https:\/\/mariojodra.com\/es\/"},{"@type":"ListItem","position":2,"name":"Contacto"}]},{"@type":"WebSite","@id":"https:\/\/mariojodra.com\/es\/#website","url":"https:\/\/mariojodra.com\/es\/","name":"Portfolio de ilustraci\u00f3n | Mario Jodra","description":"Portfolio del ilustrador freelance Mario Jodra. T\u00e9cnicas de ilustraci\u00f3n tradicional a mano y artes digitales para editoriales y prensa. Dibujo y Pintura","publisher":{"@id":"https:\/\/mariojodra.com\/es\/#organization"},"potentialAction":[{"@type":"SearchAction","target":{"@type":"EntryPoint","urlTemplate":"https:\/\/mariojodra.com\/es\/?s={search_term_string}"},"query-input":"required name=search_term_string"}],"inLanguage":"es"},{"@type":"Organization","@id":"https:\/\/mariojodra.com\/es\/#organization","name":"Portfolio de ilustraci\u00f3n | Mario Jodra","url":"https:\/\/mariojodra.com\/es\/","logo":{"@type":"ImageObject","inLanguage":"es","@id":"https:\/\/mariojodra.com\/es\/#\/schema\/logo\/image\/","url":"https:\/\/mariojodra.com\/es\/wp-content\/uploads\/2023\/11\/logo-vertical.png","contentUrl":"https:\/\/mariojodra.com\/es\/wp-content\/uploads\/2023\/11\/logo-vertical.png","width":263,"height":100,"caption":"Portfolio de ilustraci\u00f3n | Mario Jodra"},"image":{"@id":"https:\/\/mariojodra.com\/es\/#\/schema\/logo\/image\/"},"sameAs":["http:\/\/www.facebook.com\/jodramario","https:\/\/twitter.com\/mariojodra_es"]}]}},"_links":{"self":[{"href":"https:\/\/mariojodra.com\/es\/wp-json\/wp\/v2\/pages\/29397"}],"collection":[{"href":"https:\/\/mariojodra.com\/es\/wp-json\/wp\/v2\/pages"}],"about":[{"href":"https:\/\/mariojodra.com\/es\/wp-json\/wp\/v2\/types\/page"}],"author":[{"embeddable":true,"href":"https:\/\/mariojodra.com\/es\/wp-json\/wp\/v2\/users\/1"}],"replies":[{"embeddable":true,"href":"https:\/\/mariojodra.com\/es\/wp-json\/wp\/v2\/comments?post=29397"}],"version-history":[{"count":103,"href":"https:\/\/mariojodra.com\/es\/wp-json\/wp\/v2\/pages\/29397\/revisions"}],"predecessor-version":[{"id":31301,"href":"https:\/\/mariojodra.com\/es\/wp-json\/wp\/v2\/pages\/29397\/revisions\/31301"}],"wp:attachment":[{"href":"https:\/\/mariojodra.com\/es\/wp-json\/wp\/v2\/media?parent=29397"}],"curies":[{"name":"wp","href":"https:\/\/api.w.org\/{rel}","templated":true}]}}