{"id":30530,"date":"2023-10-20T09:39:28","date_gmt":"2023-10-20T09:39:28","guid":{"rendered":"https:\/\/mariojodra.com\/drawings\/?page_id=30530"},"modified":"2023-10-20T09:41:40","modified_gmt":"2023-10-20T09:41:40","slug":"contact","status":"publish","type":"page","link":"https:\/\/mariojodra.com\/drawings\/es\/contact\/","title":{"rendered":"Contacto"},"content":{"rendered":"<div data-elementor-type=\"wp-page\" data-elementor-id=\"30530\" class=\"elementor elementor-30530\">\n\t\t\t\t\t\t\t\t\t<section class=\"elementor-section elementor-top-section elementor-element elementor-element-04491da elementor-section-boxed elementor-section-height-default elementor-section-height-default neuron-fixed-no\" data-id=\"04491da\" data-element_type=\"section\">\n\t\t\t\t\t\t<div class=\"elementor-container elementor-column-gap-default\">\n\t\t\t\t\t<div class=\"elementor-column elementor-col-100 elementor-top-column elementor-element elementor-element-c82e8d8\" data-id=\"c82e8d8\" data-element_type=\"column\">\n\t\t\t<div class=\"elementor-widget-wrap elementor-element-populated\">\n\t\t\t\t\t\t\t\t<div class=\"elementor-element elementor-element-50ca853 elementor-widget elementor-widget-text-editor\" data-id=\"50ca853\" data-element_type=\"widget\" data-widget_type=\"text-editor.default\">\n\t\t\t\t<div class=\"elementor-widget-container\">\n\t\t\t\t\t\t\t<h4><span style=\"color: #333333;\"><strong>\u00a1Charlemos!<\/strong><\/span><\/h4><p><span style=\"color: #000000;\">P\u00f3ngase en contacto con Mario Jodra por correo electr\u00f3nico o chateando por Whatsapp y Telegram.<\/span><\/p><p><span style=\"color: #000000;\"> Informaci\u00f3n y peticiones de presupuesto sin compromiso para ilustraciones, exposiciones, propuestas de publicaci\u00f3n de libros, ferias de Arte y edici\u00f3n, trabajos freelance y encargos en general son bienvenidos. \u00a1Contrate a un ilustrador profesional!.<\/span><\/p><p><span style=\"color: #000000;\">(+34) 664 016 383<\/span><br \/><span style=\"text-decoration: underline; color: #0000ff;\"><a class=\"mail-link\" style=\"color: #0000ff; text-decoration: underline;\" href=\"mailto:jodra.mario@gmail.com\">jodra.mario@gmail.com<\/a><\/span><br \/><span style=\"color: #000000;\">@mariojotaese (Telegram)<\/span><\/p><p><span style=\"color: #000000;\">Madrid (Espa\u00f1a).<\/span><\/p>\t\t\t\t\t\t<\/div>\n\t\t\t\t<\/div>\n\t\t\t\t\t<\/div>\n\t\t<\/div>\n\t\t\t\t\t\t\t<\/div>\n\t\t<\/section>\n\t\t\t\t<section class=\"elementor-section elementor-top-section elementor-element elementor-element-5b35f98 elementor-section-boxed elementor-section-height-default elementor-section-height-default neuron-fixed-no\" data-id=\"5b35f98\" data-element_type=\"section\">\n\t\t\t\t\t\t<div class=\"elementor-container elementor-column-gap-default\">\n\t\t\t\t\t<div class=\"elementor-column elementor-col-100 elementor-top-column elementor-element elementor-element-b049764\" data-id=\"b049764\" data-element_type=\"column\">\n\t\t\t<div class=\"elementor-widget-wrap elementor-element-populated\">\n\t\t\t\t\t\t\t\t<div class=\"elementor-element elementor-element-9b0636e elementor-widget elementor-widget-text-editor\" data-id=\"9b0636e\" data-element_type=\"widget\" data-widget_type=\"text-editor.default\">\n\t\t\t\t<div class=\"elementor-widget-container\">\n\t\t\t\t\t\t\t<h4><span style=\"color: #333333;\"><strong>Servicios art\u00edsticos disponibles<\/strong><\/span><\/h4>\n<p><span style=\"color: #000000;\">Arte original, t\u00e9cnicas tradicionales como l\u00e1piz y carboncillo, acuarela, acr\u00edlico, etc, ilustraciones digitales, estilo figurativo y realista.<\/span><\/p>\n<p><span style=\"color: #000000;\">Portada de libros, \u00e1lbumes y libros ilustrados, experto en retratos, bocetos y trabajos como sketch artist, concept artist, ilustraci\u00f3n t\u00e9cnica, dise\u00f1o de carteles.<\/span><\/p>\n<p><span style=\"color: #000000;\">Servicios adicionales: Retoque y edici\u00f3n fotogr\u00e1fica, Dise\u00f1o gr\u00e1fico, maquetaci\u00f3n.<\/span><\/p>\t\t\t\t\t\t<\/div>\n\t\t\t\t<\/div>\n\t\t\t\t\t<\/div>\n\t\t<\/div>\n\t\t\t\t\t\t\t<\/div>\n\t\t<\/section>\n\t\t\t\t<section class=\"elementor-section elementor-top-section elementor-element elementor-element-27ad7d5 elementor-section-boxed elementor-section-height-default elementor-section-height-default neuron-fixed-no\" data-id=\"27ad7d5\" data-element_type=\"section\">\n\t\t\t\t\t\t<div class=\"elementor-container elementor-column-gap-default\">\n\t\t\t\t\t<div class=\"elementor-column elementor-col-100 elementor-top-column elementor-element elementor-element-14aab44\" data-id=\"14aab44\" data-element_type=\"column\">\n\t\t\t<div class=\"elementor-widget-wrap elementor-element-populated\">\n\t\t\t\t\t\t\t\t<div class=\"elementor-element elementor-element-723d7c8 elementor-widget elementor-widget-text-editor\" data-id=\"723d7c8\" data-element_type=\"widget\" data-widget_type=\"text-editor.default\">\n\t\t\t\t<div class=\"elementor-widget-container\">\n\t\t\t\t\t\t\t<h4><span style=\"color: #333333;\"><strong>Enlaces + Redes Sociales<\/strong><\/span><\/h4><p><span style=\"color: #000000;\"><a style=\"color: #000000;\" href=\"https:\/\/linktr.ee\/mariojodra\">Linktr.ee<\/a><\/span><br \/><span style=\"color: #000000;\"><a style=\"color: #000000;\" href=\"https:\/\/www.instagram.com\/mariojodra.es\/\">Instagram<\/a><\/span><br \/><span style=\"color: #000000;\"><a style=\"color: #000000;\" href=\"https:\/\/www.facebook.com\/jodramario\">Facebook<\/a><\/span><br \/><span style=\"color: #000000;\"><a style=\"color: #000000;\" href=\"https:\/\/twitter.com\/mariojodra_es\">Twitter<\/a><\/span><br \/><span style=\"color: #000000;\"><a style=\"color: #000000;\" href=\"https:\/\/www.behance.net\/mariojodra\">Behance<\/a><\/span><br \/><span style=\"color: #000000;\"><a style=\"color: #000000;\" href=\"https:\/\/www.youtube.com\/channel\/UCbQUGkYvSzGK0K2mJrkAZqQ\">Youtube<\/a><\/span><\/p>\t\t\t\t\t\t<\/div>\n\t\t\t\t<\/div>\n\t\t\t\t\t<\/div>\n\t\t<\/div>\n\t\t\t\t\t\t\t<\/div>\n\t\t<\/section>\n\t\t\t\t<section class=\"elementor-section elementor-top-section elementor-element elementor-element-a66d2f0 elementor-section-boxed elementor-section-height-default elementor-section-height-default neuron-fixed-no\" data-id=\"a66d2f0\" data-element_type=\"section\">\n\t\t\t\t\t\t<div class=\"elementor-container elementor-column-gap-default\">\n\t\t\t\t\t<div class=\"elementor-column elementor-col-100 elementor-top-column elementor-element elementor-element-fe58641\" data-id=\"fe58641\" data-element_type=\"column\">\n\t\t\t<div class=\"elementor-widget-wrap elementor-element-populated\">\n\t\t\t\t\t\t\t\t<div class=\"elementor-element elementor-element-7965964 elementor-widget elementor-widget-text-editor\" data-id=\"7965964\" data-element_type=\"widget\" data-widget_type=\"text-editor.default\">\n\t\t\t\t<div class=\"elementor-widget-container\">\n\t\t\t\t\t\t\t<h4><span style=\"color: #333333;\"><strong>Tienda Online<\/strong><\/span><\/h4><p><span style=\"color: #000000;\"><a style=\"color: #000000;\" href=\"https:\/\/elsordo.net\/\">elsordo.net<\/a><\/span><\/p>\t\t\t\t\t\t<\/div>\n\t\t\t\t<\/div>\n\t\t\t\t\t<\/div>\n\t\t<\/div>\n\t\t\t\t\t\t\t<\/div>\n\t\t<\/section>\n\t\t\t\t<section class=\"elementor-section elementor-top-section elementor-element elementor-element-a5142c2 elementor-section-boxed elementor-section-height-default elementor-section-height-default neuron-fixed-no\" data-id=\"a5142c2\" data-element_type=\"section\">\n\t\t\t\t\t\t<div class=\"elementor-container elementor-column-gap-default\">\n\t\t\t\t\t<div class=\"elementor-column elementor-col-100 elementor-top-column elementor-element elementor-element-62dd2a1\" data-id=\"62dd2a1\" data-element_type=\"column\">\n\t\t\t<div class=\"elementor-widget-wrap elementor-element-populated\">\n\t\t\t\t\t\t\t\t<div class=\"elementor-element elementor-element-d3fb602 elementor-widget elementor-widget-text-editor\" data-id=\"d3fb602\" data-element_type=\"widget\" data-widget_type=\"text-editor.default\">\n\t\t\t\t<div class=\"elementor-widget-container\">\n\t\t\t\t\t\t\t<h4><span style=\"color: #333333;\"><strong>Sobre el artista<\/strong><\/span><\/h4><p><a href=\"https:\/\/mariojodra.com\/drawings\/es\/about\/\"><span style=\"color: #000000;\">SOBRE MI<\/span><\/a><\/p>\t\t\t\t\t\t<\/div>\n\t\t\t\t<\/div>\n\t\t\t\t\t<\/div>\n\t\t<\/div>\n\t\t\t\t\t\t\t<\/div>\n\t\t<\/section>\n\t\t\t\t<section class=\"elementor-section elementor-top-section elementor-element elementor-element-4eb303b elementor-section-boxed elementor-section-height-default elementor-section-height-default neuron-fixed-no\" data-id=\"4eb303b\" data-element_type=\"section\">\n\t\t\t\t\t\t<div class=\"elementor-container elementor-column-gap-default\">\n\t\t\t\t\t<div class=\"elementor-column elementor-col-100 elementor-top-column elementor-element elementor-element-0fc5071\" data-id=\"0fc5071\" data-element_type=\"column\">\n\t\t\t<div class=\"elementor-widget-wrap elementor-element-populated\">\n\t\t\t\t\t\t\t\t<div class=\"elementor-element elementor-element-2573acc elementor-widget elementor-widget-spacer\" data-id=\"2573acc\" data-element_type=\"widget\" data-widget_type=\"spacer.default\">\n\t\t\t\t<div class=\"elementor-widget-container\">\n\t\t\t\t\t<div class=\"elementor-spacer\">\n\t\t\t<div class=\"elementor-spacer-inner\"><\/div>\n\t\t<\/div>\n\t\t\t\t<\/div>\n\t\t\t\t<\/div>\n\t\t\t\t\t<\/div>\n\t\t<\/div>\n\t\t\t\t\t\t\t<\/div>\n\t\t<\/section>\n\t\t\t\t<section class=\"elementor-section elementor-top-section elementor-element elementor-element-1c7dd3f elementor-section-boxed elementor-section-height-default elementor-section-height-default neuron-fixed-no\" data-id=\"1c7dd3f\" data-element_type=\"section\">\n\t\t\t\t\t\t<div class=\"elementor-container elementor-column-gap-default\">\n\t\t\t\t\t<div class=\"elementor-column elementor-col-100 elementor-top-column elementor-element elementor-element-e878526\" data-id=\"e878526\" data-element_type=\"column\">\n\t\t\t<div class=\"elementor-widget-wrap elementor-element-populated\">\n\t\t\t\t\t\t\t\t<div class=\"elementor-element elementor-element-577cbb4 elementor-widget elementor-widget-google_maps\" data-id=\"577cbb4\" data-element_type=\"widget\" data-widget_type=\"google_maps.default\">\n\t\t\t\t<div class=\"elementor-widget-container\">\n\t\t\t\t\t<div class=\"elementor-custom-embed\">\n\t\t\t<iframe loading=\"lazy\"\n\t\t\t\t\tsrc=\"https:\/\/maps.google.com\/maps?q=Manuel%20Becerra%2C%20Madrid&#038;t=m&#038;z=12&#038;output=embed&#038;iwloc=near\"\n\t\t\t\t\ttitle=\"Manuel Becerra, Madrid\"\n\t\t\t\t\taria-label=\"Manuel Becerra, Madrid\"\n\t\t\t><\/iframe>\n\t\t<\/div>\n\t\t\t\t<\/div>\n\t\t\t\t<\/div>\n\t\t\t\t\t<\/div>\n\t\t<\/div>\n\t\t\t\t\t\t\t<\/div>\n\t\t<\/section>\n\t\t\t\t<section class=\"elementor-section elementor-top-section elementor-element elementor-element-bffa21b elementor-section-boxed elementor-section-height-default elementor-section-height-default neuron-fixed-no\" data-id=\"bffa21b\" data-element_type=\"section\">\n\t\t\t\t\t\t<div class=\"elementor-container elementor-column-gap-default\">\n\t\t\t\t\t<div class=\"elementor-column elementor-col-100 elementor-top-column elementor-element elementor-element-8f71840\" data-id=\"8f71840\" data-element_type=\"column\">\n\t\t\t<div class=\"elementor-widget-wrap elementor-element-populated\">\n\t\t\t\t\t\t\t\t<div class=\"elementor-element elementor-element-ca0d33f elementor-widget elementor-widget-spacer\" data-id=\"ca0d33f\" data-element_type=\"widget\" data-widget_type=\"spacer.default\">\n\t\t\t\t<div class=\"elementor-widget-container\">\n\t\t\t\t\t<div class=\"elementor-spacer\">\n\t\t\t<div class=\"elementor-spacer-inner\"><\/div>\n\t\t<\/div>\n\t\t\t\t<\/div>\n\t\t\t\t<\/div>\n\t\t\t\t\t<\/div>\n\t\t<\/div>\n\t\t\t\t\t\t\t<\/div>\n\t\t<\/section>\n\t\t\t\t\t\t\t<\/div>","protected":false},"excerpt":{"rendered":"<p>Let&#8217;s Talk! Let&#8217;s Talk! Get in touch with Mario Jodra by sending an email or chatting via Whatsapp&#8230;<\/p>","protected":false},"author":1,"featured_media":0,"parent":0,"menu_order":0,"comment_status":"closed","ping_status":"closed","template":"","meta":{"_mi_skip_tracking":false,"_monsterinsights_sitenote_active":false,"_monsterinsights_sitenote_note":"","_monsterinsights_sitenote_category":0,"footnotes":""},"acf":[],"yoast_head":"<!-- This site is optimized with the Yoast SEO plugin v21.5 - https:\/\/yoast.com\/wordpress\/plugins\/seo\/ -->\n<title>Contact | Drawings &amp; Sketches | Traditional &amp; Digital Art | Mario Jodra<\/title>\n<meta name=\"robots\" content=\"index, follow, max-snippet:-1, max-image-preview:large, max-video-preview:-1\" \/>\n<link rel=\"canonical\" href=\"https:\/\/mariojodra.com\/drawings\/es\/contact\/\" \/>\n<meta property=\"og:locale\" content=\"es_ES\" \/>\n<meta property=\"og:type\" content=\"article\" \/>\n<meta property=\"og:title\" content=\"Contact | Drawings &amp; Sketches | Traditional &amp; Digital Art | Mario Jodra\" \/>\n<meta property=\"og:description\" content=\"Let&#8217;s Talk! Let&#8217;s Talk! Get in touch with Mario Jodra by sending an email or chatting via Whatsapp...\" \/>\n<meta property=\"og:url\" content=\"https:\/\/mariojodra.com\/drawings\/es\/contact\/\" \/>\n<meta property=\"og:site_name\" content=\"Drawings &amp; Sketches | Traditional &amp; Digital Art | Mario Jodra\" \/>\n<meta property=\"article:publisher\" content=\"http:\/\/www.facebook.com\/jodramario\" \/>\n<meta property=\"article:modified_time\" content=\"2023-10-20T09:41:40+00:00\" \/>\n<meta property=\"og:image\" content=\"https:\/\/mariojodra.com\/drawings\/wp-content\/uploads\/2023\/11\/captura-web-mariojodra.com-02.jpg\" \/>\n\t<meta property=\"og:image:width\" content=\"1200\" \/>\n\t<meta property=\"og:image:height\" content=\"675\" \/>\n\t<meta property=\"og:image:type\" content=\"image\/jpeg\" \/>\n<meta name=\"twitter:card\" content=\"summary_large_image\" \/>\n<meta name=\"twitter:site\" content=\"@mariojodra_es\" \/>\n<meta name=\"twitter:label1\" content=\"Tiempo de lectura\" \/>\n\t<meta name=\"twitter:data1\" content=\"1 minuto\" \/>\n<script type=\"application\/ld+json\" class=\"yoast-schema-graph\">{\"@context\":\"https:\/\/schema.org\",\"@graph\":[{\"@type\":\"WebPage\",\"@id\":\"https:\/\/mariojodra.com\/drawings\/contact\/\",\"url\":\"https:\/\/mariojodra.com\/drawings\/contact\/\",\"name\":\"Contact | Drawings &amp; Sketches | Traditional &amp; Digital Art | Mario Jodra\",\"isPartOf\":{\"@id\":\"https:\/\/mariojodra.com\/drawings\/#website\"},\"datePublished\":\"2023-10-20T09:39:28+00:00\",\"dateModified\":\"2023-10-20T09:41:40+00:00\",\"breadcrumb\":{\"@id\":\"https:\/\/mariojodra.com\/drawings\/contact\/#breadcrumb\"},\"inLanguage\":\"es\",\"potentialAction\":[{\"@type\":\"ReadAction\",\"target\":[\"https:\/\/mariojodra.com\/drawings\/contact\/\"]}]},{\"@type\":\"BreadcrumbList\",\"@id\":\"https:\/\/mariojodra.com\/drawings\/contact\/#breadcrumb\",\"itemListElement\":[{\"@type\":\"ListItem\",\"position\":1,\"name\":\"Home\",\"item\":\"https:\/\/mariojodra.com\/drawings\/\"},{\"@type\":\"ListItem\",\"position\":2,\"name\":\"Contact\"}]},{\"@type\":\"WebSite\",\"@id\":\"https:\/\/mariojodra.com\/drawings\/#website\",\"url\":\"https:\/\/mariojodra.com\/drawings\/\",\"name\":\"Drawings &amp; Sketches | Traditional &amp; Digital Art | Mario Jodra\",\"description\":\"Portfolio of drawings and sketches by illustrator Mario Jodra. Traditional Hand Drawn techniques &amp; Digital Art mixed media. Charcoal pencil, ink marker pen\",\"publisher\":{\"@id\":\"https:\/\/mariojodra.com\/drawings\/#organization\"},\"potentialAction\":[{\"@type\":\"SearchAction\",\"target\":{\"@type\":\"EntryPoint\",\"urlTemplate\":\"https:\/\/mariojodra.com\/drawings\/?s={search_term_string}\"},\"query-input\":\"required name=search_term_string\"}],\"inLanguage\":\"es\"},{\"@type\":\"Organization\",\"@id\":\"https:\/\/mariojodra.com\/drawings\/#organization\",\"name\":\"Drawings &amp; Sketches | Traditional &amp; Digital Art | Mario Jodra\",\"url\":\"https:\/\/mariojodra.com\/drawings\/\",\"logo\":{\"@type\":\"ImageObject\",\"inLanguage\":\"es\",\"@id\":\"https:\/\/mariojodra.com\/drawings\/#\/schema\/logo\/image\/\",\"url\":\"https:\/\/mariojodra.com\/drawings\/wp-content\/uploads\/2023\/11\/logo-vertical.png\",\"contentUrl\":\"https:\/\/mariojodra.com\/drawings\/wp-content\/uploads\/2023\/11\/logo-vertical.png\",\"width\":263,\"height\":100,\"caption\":\"Drawings &amp; Sketches | Traditional &amp; Digital Art | Mario Jodra\"},\"image\":{\"@id\":\"https:\/\/mariojodra.com\/drawings\/#\/schema\/logo\/image\/\"},\"sameAs\":[\"http:\/\/www.facebook.com\/jodramario\",\"https:\/\/twitter.com\/mariojodra_es\"]}]}<\/script>\n<!-- \/ Yoast SEO plugin. -->","yoast_head_json":{"title":"Contact | Drawings &amp; Sketches | Traditional &amp; Digital Art | Mario Jodra","robots":{"index":"index","follow":"follow","max-snippet":"max-snippet:-1","max-image-preview":"max-image-preview:large","max-video-preview":"max-video-preview:-1"},"canonical":"https:\/\/mariojodra.com\/drawings\/es\/contact\/","og_locale":"es_ES","og_type":"article","og_title":"Contact | Drawings &amp; Sketches | Traditional &amp; Digital Art | Mario Jodra","og_description":"Let&#8217;s Talk! Let&#8217;s Talk! Get in touch with Mario Jodra by sending an email or chatting via Whatsapp...","og_url":"https:\/\/mariojodra.com\/drawings\/es\/contact\/","og_site_name":"Drawings &amp; Sketches | Traditional &amp; Digital Art | Mario Jodra","article_publisher":"http:\/\/www.facebook.com\/jodramario","article_modified_time":"2023-10-20T09:41:40+00:00","og_image":[{"width":1200,"height":675,"url":"https:\/\/mariojodra.com\/drawings\/wp-content\/uploads\/2023\/11\/captura-web-mariojodra.com-02.jpg","type":"image\/jpeg"}],"twitter_card":"summary_large_image","twitter_site":"@mariojodra_es","twitter_misc":{"Tiempo de lectura":"1 minuto"},"schema":{"@context":"https:\/\/schema.org","@graph":[{"@type":"WebPage","@id":"https:\/\/mariojodra.com\/drawings\/contact\/","url":"https:\/\/mariojodra.com\/drawings\/contact\/","name":"Contact | Drawings &amp; Sketches | Traditional &amp; Digital Art | Mario Jodra","isPartOf":{"@id":"https:\/\/mariojodra.com\/drawings\/#website"},"datePublished":"2023-10-20T09:39:28+00:00","dateModified":"2023-10-20T09:41:40+00:00","breadcrumb":{"@id":"https:\/\/mariojodra.com\/drawings\/contact\/#breadcrumb"},"inLanguage":"es","potentialAction":[{"@type":"ReadAction","target":["https:\/\/mariojodra.com\/drawings\/contact\/"]}]},{"@type":"BreadcrumbList","@id":"https:\/\/mariojodra.com\/drawings\/contact\/#breadcrumb","itemListElement":[{"@type":"ListItem","position":1,"name":"Home","item":"https:\/\/mariojodra.com\/drawings\/"},{"@type":"ListItem","position":2,"name":"Contact"}]},{"@type":"WebSite","@id":"https:\/\/mariojodra.com\/drawings\/#website","url":"https:\/\/mariojodra.com\/drawings\/","name":"Drawings &amp; Sketches | Traditional &amp; Digital Art | Mario Jodra","description":"Portfolio of drawings and sketches by illustrator Mario Jodra. Traditional Hand Drawn techniques &amp; Digital Art mixed media. Charcoal pencil, ink marker pen","publisher":{"@id":"https:\/\/mariojodra.com\/drawings\/#organization"},"potentialAction":[{"@type":"SearchAction","target":{"@type":"EntryPoint","urlTemplate":"https:\/\/mariojodra.com\/drawings\/?s={search_term_string}"},"query-input":"required name=search_term_string"}],"inLanguage":"es"},{"@type":"Organization","@id":"https:\/\/mariojodra.com\/drawings\/#organization","name":"Drawings &amp; Sketches | Traditional &amp; Digital Art | Mario Jodra","url":"https:\/\/mariojodra.com\/drawings\/","logo":{"@type":"ImageObject","inLanguage":"es","@id":"https:\/\/mariojodra.com\/drawings\/#\/schema\/logo\/image\/","url":"https:\/\/mariojodra.com\/drawings\/wp-content\/uploads\/2023\/11\/logo-vertical.png","contentUrl":"https:\/\/mariojodra.com\/drawings\/wp-content\/uploads\/2023\/11\/logo-vertical.png","width":263,"height":100,"caption":"Drawings &amp; Sketches | Traditional &amp; Digital Art | Mario Jodra"},"image":{"@id":"https:\/\/mariojodra.com\/drawings\/#\/schema\/logo\/image\/"},"sameAs":["http:\/\/www.facebook.com\/jodramario","https:\/\/twitter.com\/mariojodra_es"]}]}},"_links":{"self":[{"href":"https:\/\/mariojodra.com\/drawings\/es\/wp-json\/wp\/v2\/pages\/30530"}],"collection":[{"href":"https:\/\/mariojodra.com\/drawings\/es\/wp-json\/wp\/v2\/pages"}],"about":[{"href":"https:\/\/mariojodra.com\/drawings\/es\/wp-json\/wp\/v2\/types\/page"}],"author":[{"embeddable":true,"href":"https:\/\/mariojodra.com\/drawings\/es\/wp-json\/wp\/v2\/users\/1"}],"replies":[{"embeddable":true,"href":"https:\/\/mariojodra.com\/drawings\/es\/wp-json\/wp\/v2\/comments?post=30530"}],"version-history":[{"count":5,"href":"https:\/\/mariojodra.com\/drawings\/es\/wp-json\/wp\/v2\/pages\/30530\/revisions"}],"predecessor-version":[{"id":30535,"href":"https:\/\/mariojodra.com\/drawings\/es\/wp-json\/wp\/v2\/pages\/30530\/revisions\/30535"}],"wp:attachment":[{"href":"https:\/\/mariojodra.com\/drawings\/es\/wp-json\/wp\/v2\/media?parent=30530"}],"curies":[{"name":"wp","href":"https:\/\/api.w.org\/{rel}","templated":true}]}}